{"id":317,"date":"2018-05-23T20:24:13","date_gmt":"2018-05-23T20:24:13","guid":{"rendered":"https:\/\/praxis-gschmitz.de\/?page_id=317"},"modified":"2018-05-24T06:02:30","modified_gmt":"2018-05-24T06:02:30","slug":"datenschutz","status":"publish","type":"page","link":"https:\/\/praxis-gschmitz.de\/?page_id=317","title":{"rendered":"Datenschutz"},"content":{"rendered":"<h4><strong>nach EU-Datenschutzgrundverordnung (DSGVO)<\/strong><\/h4>\n<p><strong style=\"font-size: 16px;\">Welche personenbezogenen Daten werden erhoben?<br \/>\n<\/strong>Es werden personenbezogene Daten nur dann erhoben und genutzt, wenn ein gesetzlicher Grund f\u00fcr die Erhebung und Nutzung vorliegt. Ich erhebe und verwende personenbezogene Daten nur, soweit dies zur Bereitstellung einer funktionsf\u00e4higen Webseite sowie meiner Inhalte und Leistungen erforderlich ist.\u00a0Als personenbezogene Daten gelten s\u00e4mtliche Informationen, die dazu dienen, einen R\u00fcckschluss auf Ihre Person zuzulassen (z.B. Vor- und Nachname, E-Mail-Adresse, Telefonnummer).\u00a0Die Webseite meiner Praxis ist anonym zu nutzen.\u00a0Sie enth\u00e4lt keine\u00a0Abfragen zu personenbezogenen oder personenbeziehbaren Daten.<\/p>\n<p><strong> Welche Informationen werden automatisch erfasst?<br \/>\n<\/strong>Beim Aufruf der Webseite wird Ihre IP-Adresse mit dem Zeitpunkt und Inhalt Ihres Abrufs einschlie\u00dflich der \u00fcbertragenen Datenmenge und der Meldung, ob der Abruf erfolgreich war, erfasst. Die vor\u00fcbergehende Speicherung der IP-Adresse erfolgt, um die Funktionsf\u00e4higkeit der Webseite sicherzustellen. Diese Daten werden nach Ende des Zugriffs auf die Webseite gel\u00f6scht, weil mit der Erreichung des Zweckes die Erhebung nicht mehr erforderlich ist.<\/p>\n<p><strong> Auf welche Weise werden Daten erfasst?<br \/>\n<\/strong>Die Daten, die bei jedem Zugriff der Webseite erhoben werden, werden automatisch protokolliert; ansonsten nur aufgrund Ihrer Eingabe.<\/p>\n<p><strong> Wof\u00fcr werden die Daten genutzt?<br \/>\n<\/strong>Die Daten werden ausschlie\u00dflich zur Bereitstellung, Optimierung und Sicherheit des Internetangebots genutzt.<\/p>\n<p><strong> Die Daten werden nicht genutzt\u2026<br \/>\n<\/strong>Zur Profilbildung, zu Werbezwecken und werden nicht an Dritte weitergegeben.<\/p>\n<p><strong> Welche Rechte hat der Besucher der Webseite?<br \/>\n<\/strong>Auskunft, L\u00f6schung, Berichtigung, Widerspruch. Ihre Rechte k\u00f6nnen Sie schriftlich gegen\u00fcber mir als Verantwortliche der Webseite geltend machen.\u00a0Ungeachtet dessen haben Sie das Recht auf Beschwerde bei einer Aufsichtsbeh\u00f6rde ihres Aufenthaltsorts, ihres Arbeitsplatzes oder des Orts der mutma\u00dflichen Datenschutzverletzung, wenn Sie der Ansicht sind, dass die Verarbeitung der Sie betreffenden personenbezogenen Daten gegen die Datenschutzgrundverordnung verst\u00f6\u00dft.<\/p>\n<p><strong> Verlinkung auf andere Webseiten<br \/>\n<\/strong>Zu Ihrer optimalen Information finden Sie auf meiner Webseite Links, die auf Seiten Dritter verweisen. Diese erkennen Sie an der orangenen Schriftfarbe. Ich habe keinerlei Einfluss auf den Inhalt und die Gestaltung der Webseiten anderer Anbieter. Die Garantien meiner Datenschutzerkl\u00e4rung gelten daher selbstverst\u00e4ndlich dort nicht.<\/p>\n<p><strong> Verwendung von Cookies<br \/>\n<\/strong>In bestimmten F\u00e4llen werden Cookies verwendet. Ruft ein Nutzer eine Webseite auf, kann ein Cookie auf dem Betriebssystem des Nutzers gespeichert werden, die beim erneuten Aufruf der Webseite eine eindeutige Identifizierung erm\u00f6glicht. Cookies enthalten allerdings keine personenbezogenen Daten und werden nach Ablauf der Sitzung automatisch gel\u00f6scht. Im Fall einer Verlinkung k\u00f6nnen Cookies von Drittanbietern zum Einsatz kommen, ohne dass ich Sie darauf ausdr\u00fccklich hinweisen kann.<br \/>\nDie g\u00e4ngigen Browser erlauben es, die Verarbeitung solcher Cookies festzulegen, so dass Sie das Speichern dieser Cookies in Ihrem Internetbrowser deaktivieren bzw. die Art der Verarbeitung durch Ihren Browser einstellen k\u00f6nnen. Bei der Deaktivierung ist nicht gew\u00e4hrleistet, dass Sie auf alle Funktionen dieser Webseite ohne Einschr\u00e4nkungen zugreifen k\u00f6nnen.<\/p>\n<p><strong> Hinweis auf Verschl\u00fcsselung<br \/>\n<\/strong>Dieses Angebot unterst\u00fctzt den gesicherten Zugriff \u00fcber das HTTPS\/SSL-Protokoll.<\/p>\n<p><strong>Inhaltlich Verantwortliche<br \/>\n<\/strong>Psychotherapeutische Praxis<br \/>\nDipl.-Psych. Gabriele Schmitz<br \/>\nRathausplatz 6<br \/>\n34246 Vellmar<br \/>\nTel.: 0561\/89069110<br \/>\nFax: 0561\/89069111<br \/>\nwww.praxis-gschmitz.de<\/p>\n","protected":false},"excerpt":{"rendered":"<p>nach EU-Datenschutzgrundverordnung (DSGVO) Welche personenbezogenen Daten werden erhoben? Es werden personenbezogene Daten nur dann erhoben und genutzt, wenn ein gesetzlicher Grund f\u00fcr die Erhebung und Nutzung vorliegt. Ich erhebe und verwende personenbezogene Daten nur, soweit dies zur Bereitstellung einer funktionsf\u00e4higen <span class=\"readmore\"><a href=\"https:\/\/praxis-gschmitz.de\/?page_id=317\">Continue Reading &#8230;<\/a><\/span><\/p>\n","protected":false},"author":1,"featured_media":0,"parent":78,"menu_order":0,"comment_status":"closed","ping_status":"closed","template":"","meta":{"footnotes":""},"class_list":["post-317","page","type-page","status-publish","hentry"],"_links":{"self":[{"href":"https:\/\/praxis-gschmitz.de\/index.php?rest_route=\/wp\/v2\/pages\/317","targetHints":{"allow":["GET"]}}],"collection":[{"href":"https:\/\/praxis-gschmitz.de\/index.php?rest_route=\/wp\/v2\/pages"}],"about":[{"href":"https:\/\/praxis-gschmitz.de\/index.php?rest_route=\/wp\/v2\/types\/page"}],"author":[{"embeddable":true,"href":"https:\/\/praxis-gschmitz.de\/index.php?rest_route=\/wp\/v2\/users\/1"}],"replies":[{"embeddable":true,"href":"https:\/\/praxis-gschmitz.de\/index.php?rest_route=%2Fwp%2Fv2%2Fcomments&post=317"}],"version-history":[{"count":5,"href":"https:\/\/praxis-gschmitz.de\/index.php?rest_route=\/wp\/v2\/pages\/317\/revisions"}],"predecessor-version":[{"id":552,"href":"https:\/\/praxis-gschmitz.de\/index.php?rest_route=\/wp\/v2\/pages\/317\/revisions\/552"}],"up":[{"embeddable":true,"href":"https:\/\/praxis-gschmitz.de\/index.php?rest_route=\/wp\/v2\/pages\/78"}],"wp:attachment":[{"href":"https:\/\/praxis-gschmitz.de\/index.php?rest_route=%2Fwp%2Fv2%2Fmedia&parent=317"}],"curies":[{"name":"wp","href":"https:\/\/api.w.org\/{rel}","templated":true}]}}