{"id":314,"date":"2018-05-23T20:15:34","date_gmt":"2018-05-23T20:15:34","guid":{"rendered":"https:\/\/praxis-gschmitz.de\/?page_id=314"},"modified":"2024-04-04T12:22:35","modified_gmt":"2024-04-04T12:22:35","slug":"impressum","status":"publish","type":"page","link":"https:\/\/praxis-gschmitz.de\/?page_id=314","title":{"rendered":"Impressum"},"content":{"rendered":"<h4><strong>nach \u00a7 5\u00a0 Telemediengesetz (TMG)<\/strong><\/h4>\n<p>Psychotherapeutische Praxis<br \/>\nDipl.-Psych. Gabriele Schmitz<br \/>\nRathausplatz 6<br \/>\n34246 Vellmar<br \/>\nTel.: 0561\/89069110<br \/>\nFax: 0561\/89069111<br \/>\nwww.praxis-gschmitz.de<\/p>\n<p><strong>Berufsbezeichnung<br \/>\n<\/strong>Psychologische Psychotherapeutin, verliehen in der Bundesrepublik Deutschland durch das Landespr\u00fcfungsamt Mainz.<\/p>\n<p><strong>Zust\u00e4nde Aufsichtsbeh\u00f6rden<br \/>\n<\/strong>Psychotherapeutenkammer Hessen<br \/>\nGesch\u00e4ftsstelle<br \/>\nFrankfurter Str. 8<br \/>\n65189 Wiesbaden<br \/>\nTelefon 0611\/ 53168 0<br \/>\n<a href=\"https:\/\/ptk-hessen.de\" target=\"_blank\" rel=\"noopener\">www.ptk-hessen.de<br \/>\n<\/a>Email: post(at)ptk-hessen.de<\/p>\n<p>Kassen\u00e4rztliche Vereinigung Hessen<br \/>\nEuropa-Allee 90<br \/>\n60486 Frankfurt am Main<br \/>\nTel. info.line: 069\/24741-7777<br \/>\n<a href=\"http:\/\/www.kvhessen.de\/\" target=\"_blank\" rel=\"noopener\">www.kvhessen.de<br \/>\n<\/a>Email: info.line(at)kvhessen.de<\/p>\n<p><strong>Lebenslange Arztnummer LANR<\/strong><br \/>\n096889068<\/p>\n<p><strong>Betriebsst\u00e4ttennummer BSNR<br \/>\n<\/strong>421312200<\/p>\n<p><strong>Berufsrechtliche Regelungen<br \/>\n<\/strong>Berufsordnung Psychotherapeutenkammer Hessen:<br \/>\n<a href=\"http:\/\/www.lppkjp.de\/recht\/ordnungen\/\" target=\"_blank\" rel=\"noopener\">www.lppkjp.de\/recht\/ordnungen<\/a><\/p>\n<p>Heilberufsgesetz des Landes Hessen<br \/>\nPsychotherapeutengesetz:\u00a0<a href=\"http:\/\/www.lppkjp.de\/recht\/gesetze-und-verordnungen\/\" target=\"_blank\" rel=\"noopener\">www.lppkjp.de\/recht\/gesetze-und-verordnungen<\/a><\/p>\n<p><strong>Urheberrecht<\/strong><br \/>\nDie Struktur wie auch der gesamte Inhalt der Webseite unterliegt dem Urheberrecht. Sie darf weder kopiert, ver\u00e4ndert oder auf anderen Webseiten in irgendeiner Art verwendet werden. Die Vervielf\u00e4ltigung von Informationen oder Daten, insbesondere die Verwendung von Texten, Textteilen oder Bildmaterial bedarf der schriftlichen Genehmigung von Dipl.-Psych. Gabriele Schmitz. Ebenfalls untersagt ist die Vervielf\u00e4ltigung \u00fcber jegliche elektronische wie nicht-elektronische Medien. Generell untersagt ist die Verlinkung in einem Frame, bei die Webseite nicht mehr als Urheber erkennbar ist. Alle weiteren Rechte vorbehalten.<\/p>\n<p><strong>Haftungsausschluss<\/strong><br \/>\nDie Inhalte meiner Webseite wurden vor dem Upload auf Viren untersucht. F\u00fcr eventuelle Sch\u00e4den, die durch die Benutzung meiner Webseite entstehen, sowie f\u00fcr sachliche oder technische Fehler in der Webseite selbst, \u00fcbernehme ich keine Haftung.<\/p>\n<p><strong>Hinweis gem\u00e4\u00df Teledienstgesetz<\/strong><br \/>\nF\u00fcr Webseiten Dritter, auf die meine Webseite durch sogenannte Links verweist, tragen die jeweiligen Anbieter die Verantwortung. Ich bin f\u00fcr den Inhalt solcher Seiten Dritter nicht verantwortlich. Des Weiteren kann meine Webseite ohne mein Wissen von anderen Seiten mittels so genannter Links verkn\u00fcpft werden. Ich \u00fcbernehme keine Verantwortung f\u00fcr Darstellungen, Inhalt oder irgendeine Verbindung zu meiner Webseite in Webseiten Dritter. F\u00fcr fremde Inhalte bin ich nur dann verantwortlich, wenn ich von ihnen (d.h. auch von einem rechtswidrigen oder strafbaren Inhalt) positive Kenntnis habe und mir technisch m\u00f6glich und zumutbar ist, deren Nutzung zu verhindern. Ich bin nach dem Teledienstgesetz jedoch nicht verpflichtet, die fremden Inhalte st\u00e4ndig zu \u00fcberpr\u00fcfen.<\/p>\n<p><strong>Eigenschutz<\/strong><br \/>\nDie Nutzung der im Rahmen des Impressums oder vergleichbarer Angaben ver\u00f6ffentlichten Kontaktdaten wie Postanschriften, Telefon- und Faxnummern sowie Emailadressen durch Dritte zur \u00dcbersendung von nicht ausdr\u00fccklich angeforderten Informationen ist nicht gestattet. Rechtliche Schritte gegen die Versender von so genannten Spam-Mails bei Verst\u00f6\u00dfen gegen dieses Verbot sind ausdr\u00fccklich.<\/p>\n<p><strong>Fotohinweise<\/strong><br \/>\nCopyright Birgit Rosenbaum <a href=\"http:\/\/www.immerfreundlich.de\" target=\"_blank\" rel=\"noopener\">www.immerfreundlich.de:<\/a><br \/>\nFotos im Header &#8220;\u00dcber mich&#8221;, Seitenleiste &#8220;Portrait&#8221;.<br \/>\nCopyright Gabriele Schmitz:<br \/>\nFotos im Header &#8220;Startseite&#8221;, Header &#8220;Meine Therapieh\u00fcndin Fuchur&#8221;, alle Galeriefotos &#8220;Meine Therapieh\u00fcndin Fuchur&#8221;, Header &#8220;Gruppenbehandlung&#8221; und Header &#8220;Termine&#8221;.<br \/>\nCopyright Fotolia:<br \/>\nFotos im Header &#8220;Kontakt&#8221;, Header &#8220;Impressum&#8221; und Header &#8220;Datenschutz&#8221;.<\/p>\n<p><strong>Verwendung von Google Maps<br \/>\n<\/strong>Diese Webseite benutzt Google Maps zur Darstellung eines Lageplanes bzw. zur Routenplanung. Google Maps wird von Google Inc., 1600 Amphitheatre Parkway, Mountain View, CA 94043, USA betrieben. Durch die Nutzung von Google Maps erkl\u00e4ren Sie sich mit der Erfassung, Bearbeitung sowie der Nutzung der automatisch erhobenen sowie der von Ihnen eingegeben Daten durch Google, einer seiner Vertreter, oder Drittanbieter einverstanden.<br \/>\nNutzungsbedingungen f\u00fcr Google Maps:<br \/>\n<a href=\"http:\/\/www.google.com\/intl\/de_de\/help\/terms_maps.html\" target=\"_blank\" rel=\"noopener\">www.google.com\/intl\/de_de\/help\/terms_maps.html<\/a> Datenschutzbestimmungen f\u00fcr Google Maps:<br \/>\n<a href=\"http:\/\/www.google.de\/intl\/de\/policies\/privacy\/\" target=\"_blank\" rel=\"noopener\">www.google.de\/intl\/de\/policies\/privacy<\/a><\/p>\n<p><strong>Inhaltlich Verantwortliche<br \/>\n<\/strong>Dipl.-Psych. Gabriele Schmitz (Anschrift siehe oben)<\/p>\n","protected":false},"excerpt":{"rendered":"<p>nach \u00a7 5\u00a0 Telemediengesetz (TMG) Psychotherapeutische Praxis Dipl.-Psych. Gabriele Schmitz Rathausplatz 6 34246 Vellmar Tel.: 0561\/89069110 Fax: 0561\/89069111 www.praxis-gschmitz.de Berufsbezeichnung Psychologische Psychotherapeutin, verliehen in der Bundesrepublik Deutschland durch das Landespr\u00fcfungsamt Mainz. Zust\u00e4nde Aufsichtsbeh\u00f6rden Psychotherapeutenkammer Hessen Gesch\u00e4ftsstelle Frankfurter Str. 8 65189 <span class=\"readmore\"><a href=\"https:\/\/praxis-gschmitz.de\/?page_id=314\">Continue Reading &#8230;<\/a><\/span><\/p>\n","protected":false},"author":1,"featured_media":0,"parent":78,"menu_order":0,"comment_status":"closed","ping_status":"closed","template":"","meta":{"footnotes":""},"class_list":["post-314","page","type-page","status-publish","hentry"],"_links":{"self":[{"href":"https:\/\/praxis-gschmitz.de\/index.php?rest_route=\/wp\/v2\/pages\/314","targetHints":{"allow":["GET"]}}],"collection":[{"href":"https:\/\/praxis-gschmitz.de\/index.php?rest_route=\/wp\/v2\/pages"}],"about":[{"href":"https:\/\/praxis-gschmitz.de\/index.php?rest_route=\/wp\/v2\/types\/page"}],"author":[{"embeddable":true,"href":"https:\/\/praxis-gschmitz.de\/index.php?rest_route=\/wp\/v2\/users\/1"}],"replies":[{"embeddable":true,"href":"https:\/\/praxis-gschmitz.de\/index.php?rest_route=%2Fwp%2Fv2%2Fcomments&post=314"}],"version-history":[{"count":11,"href":"https:\/\/praxis-gschmitz.de\/index.php?rest_route=\/wp\/v2\/pages\/314\/revisions"}],"predecessor-version":[{"id":762,"href":"https:\/\/praxis-gschmitz.de\/index.php?rest_route=\/wp\/v2\/pages\/314\/revisions\/762"}],"up":[{"embeddable":true,"href":"https:\/\/praxis-gschmitz.de\/index.php?rest_route=\/wp\/v2\/pages\/78"}],"wp:attachment":[{"href":"https:\/\/praxis-gschmitz.de\/index.php?rest_route=%2Fwp%2Fv2%2Fmedia&parent=314"}],"curies":[{"name":"wp","href":"https:\/\/api.w.org\/{rel}","templated":true}]}}