{"id":22,"date":"2018-03-26T19:55:29","date_gmt":"2018-03-26T19:55:29","guid":{"rendered":"http:\/\/praxis-gschmitz.de\/?page_id=22"},"modified":"2024-04-08T12:46:31","modified_gmt":"2024-04-08T12:46:31","slug":"ueber-meine-therapiehuendin-fuchur","status":"publish","type":"page","link":"https:\/\/praxis-gschmitz.de\/?page_id=22","title":{"rendered":"Meine Therapieh\u00fcndin Fuchur"},"content":{"rendered":"<p>In meiner psychotherapeutischen Arbeit unterst\u00fctzt mich meine Goldendoodle-H\u00fcndin Fuchur. Sie ist im Januar 2013 geboren und hat im Herbst 2016 die Abschlusspr\u00fcfung zum Therapiehund in der <a href=\"https:\/\/hundeschule-hasenhecke.de\/\" target=\"_blank\" rel=\"noopener\">Hundeschule Hasenhecke<\/a> in Vellmar erfolgreich bestanden.<\/p>\n<p>Eine kontinuierliche Weiterbildung erfolgte ebenfalls \u00fcber die Hundeschule Hasenhecke sowie in einer speziellen Therapiehunde-Gruppe (TA mit Hund) bei <a href=\"https:\/\/www.sylviaritter.de\/\" target=\"_blank\" rel=\"noopener\">Sylvia Ritter<\/a>. W\u00e4hrend aller Therapiesitzungen ist Fuchur anwesend und kann je nach Wunsch in die Behandlung eingebunden werden.<\/p>\n<p>Durch ihr freundliches und ausgeglichenes Wesen ist sie eine gro\u00dfe Bereicherung in der gemeinsamen Arbeit.<\/p>\n<p style=\"text-align: left;\">\r\n\t\t\t\t\t\n\r\n\t\t\t\t\t<!-- START UNITE GALLERY 1.7.62 -->\r\n\t\t\t\t\t\r\n\t\t\t\t\n\t\t\t<div id='unitegallery_1_1' class='unite-gallery' style='margin:0px auto;'>\n\t\t\t\t\n\n\t\t\t\t\t\t<img alt=\"20180302_131238\"\n\t\t\t\t\t\t     src=\"\" data-image=\"https:\/\/praxis-gschmitz.de\/wp-content\/uploads\/2018\/04\/20180302_131238.jpg\"\n\t\t\t\t\t\t     data-thumb=\"https:\/\/praxis-gschmitz.de\/wp-content\/uploads\/2018\/04\/20180302_131238-240x300.jpg\"\n\t\t\t\t\t\t     title=\"\"\n\t\t\t\t\t\t     style=\"display:none\">\n\n\t\t\t\t\t\t<img alt=\"20180302_131306\"\n\t\t\t\t\t\t     src=\"\" data-image=\"https:\/\/praxis-gschmitz.de\/wp-content\/uploads\/2018\/04\/20180302_131306.jpg\"\n\t\t\t\t\t\t     data-thumb=\"https:\/\/praxis-gschmitz.de\/wp-content\/uploads\/2018\/04\/20180302_131306-240x300.jpg\"\n\t\t\t\t\t\t     title=\"\"\n\t\t\t\t\t\t     style=\"display:none\">\n\n\t\t\t\t\t\t<img alt=\"20180302_131115\"\n\t\t\t\t\t\t     src=\"\" data-image=\"https:\/\/praxis-gschmitz.de\/wp-content\/uploads\/2018\/04\/20180302_131115.jpg\"\n\t\t\t\t\t\t     data-thumb=\"https:\/\/praxis-gschmitz.de\/wp-content\/uploads\/2018\/04\/20180302_131115-240x300.jpg\"\n\t\t\t\t\t\t     title=\"\"\n\t\t\t\t\t\t     style=\"display:none\">\n\n\t\t\t\t\t\t<img alt=\"20180302_131902\"\n\t\t\t\t\t\t     src=\"\" data-image=\"https:\/\/praxis-gschmitz.de\/wp-content\/uploads\/2018\/04\/20180302_131902.jpg\"\n\t\t\t\t\t\t     data-thumb=\"https:\/\/praxis-gschmitz.de\/wp-content\/uploads\/2018\/04\/20180302_131902-240x300.jpg\"\n\t\t\t\t\t\t     title=\"\"\n\t\t\t\t\t\t     style=\"display:none\">\n\n\t\t\t\t\t\t<img alt=\"20160817_182821\"\n\t\t\t\t\t\t     src=\"\" data-image=\"https:\/\/praxis-gschmitz.de\/wp-content\/uploads\/2018\/04\/20160817_182821.jpg\"\n\t\t\t\t\t\t     data-thumb=\"https:\/\/praxis-gschmitz.de\/wp-content\/uploads\/2018\/04\/20160817_182821-240x300.jpg\"\n\t\t\t\t\t\t     title=\"\"\n\t\t\t\t\t\t     style=\"display:none\">\n\n\t\t\t\t\t\t<img alt=\"2018.03.18\"\n\t\t\t\t\t\t     src=\"\" data-image=\"https:\/\/praxis-gschmitz.de\/wp-content\/uploads\/2018\/05\/2018.03.18-e1526713300891.jpg\"\n\t\t\t\t\t\t     data-thumb=\"https:\/\/praxis-gschmitz.de\/wp-content\/uploads\/2018\/05\/2018.03.18-e1526713300891.jpg\"\n\t\t\t\t\t\t     title=\"\"\n\t\t\t\t\t\t     style=\"display:none\">\n\n\t\t\t\t\t\t<img alt=\"20200503_125952\"\n\t\t\t\t\t\t     src=\"\" data-image=\"https:\/\/praxis-gschmitz.de\/wp-content\/uploads\/2022\/08\/20200503_125952-scaled-e1661953645206.jpg\"\n\t\t\t\t\t\t     data-thumb=\"https:\/\/praxis-gschmitz.de\/wp-content\/uploads\/2022\/08\/20200503_125952-scaled-e1661953645206-225x300.jpg\"\n\t\t\t\t\t\t     title=\"\"\n\t\t\t\t\t\t     style=\"display:none\">\n\n\t\t\t\t\t\t<img alt=\"20200206_191624\"\n\t\t\t\t\t\t     src=\"\" data-image=\"https:\/\/praxis-gschmitz.de\/wp-content\/uploads\/2022\/08\/20200206_191624-scaled-e1661953613796.jpg\"\n\t\t\t\t\t\t     data-thumb=\"https:\/\/praxis-gschmitz.de\/wp-content\/uploads\/2022\/08\/20200206_191624-scaled-e1661953613796-225x300.jpg\"\n\t\t\t\t\t\t     title=\"\"\n\t\t\t\t\t\t     style=\"display:none\">\n\t\t\t<\/div>\n\n\t\t\t<script type='text\/javascript'>\n\t\t\t\twindow.onload = function(e) {\n\t\t\t\t\tif(typeof ugCheckForErrors == \"undefined\"){\n\t\t\t\t\t\tdocument.getElementById(\"unitegallery_1_1\").innerHTML = \"<span style='color:red'>Unite Gallery Error - gallery js and css files not included in the footer. Please make sure that wp_footer() function is added to your theme.<\/span>\";}\n\t\t\t\t\telse{ ugCheckForErrors(\"unitegallery_1_1\", \"jquery\");}\n\t\t\t\t};\n\t\t\t<\/script>\n\n\t\t\t<!-- END UNITEGALLERY --><\/p>\n","protected":false},"excerpt":{"rendered":"<p>In meiner psychotherapeutischen Arbeit unterst\u00fctzt mich meine Goldendoodle-H\u00fcndin Fuchur. Sie ist im Januar 2013 geboren und hat im Herbst 2016 die Abschlusspr\u00fcfung zum Therapiehund in der Hundeschule Hasenhecke in Vellmar erfolgreich bestanden. Eine kontinuierliche Weiterbildung erfolgte ebenfalls \u00fcber die Hundeschule <span class=\"readmore\"><a href=\"https:\/\/praxis-gschmitz.de\/?page_id=22\">Continue Reading &#8230;<\/a><\/span><\/p>\n","protected":false},"author":1,"featured_media":0,"parent":0,"menu_order":0,"comment_status":"closed","ping_status":"closed","template":"","meta":{"footnotes":""},"class_list":["post-22","page","type-page","status-publish","hentry"],"_links":{"self":[{"href":"https:\/\/praxis-gschmitz.de\/index.php?rest_route=\/wp\/v2\/pages\/22","targetHints":{"allow":["GET"]}}],"collection":[{"href":"https:\/\/praxis-gschmitz.de\/index.php?rest_route=\/wp\/v2\/pages"}],"about":[{"href":"https:\/\/praxis-gschmitz.de\/index.php?rest_route=\/wp\/v2\/types\/page"}],"author":[{"embeddable":true,"href":"https:\/\/praxis-gschmitz.de\/index.php?rest_route=\/wp\/v2\/users\/1"}],"replies":[{"embeddable":true,"href":"https:\/\/praxis-gschmitz.de\/index.php?rest_route=%2Fwp%2Fv2%2Fcomments&post=22"}],"version-history":[{"count":15,"href":"https:\/\/praxis-gschmitz.de\/index.php?rest_route=\/wp\/v2\/pages\/22\/revisions"}],"predecessor-version":[{"id":854,"href":"https:\/\/praxis-gschmitz.de\/index.php?rest_route=\/wp\/v2\/pages\/22\/revisions\/854"}],"wp:attachment":[{"href":"https:\/\/praxis-gschmitz.de\/index.php?rest_route=%2Fwp%2Fv2%2Fmedia&parent=22"}],"curies":[{"name":"wp","href":"https:\/\/api.w.org\/{rel}","templated":true}]}}