{"id":2,"date":"2016-05-10T03:48:21","date_gmt":"2016-05-10T03:48:21","guid":{"rendered":"http:\/\/praxis-gschmitz.de\/?page_id=2"},"modified":"2024-07-25T12:11:18","modified_gmt":"2024-07-25T12:11:18","slug":"sample-page","status":"publish","type":"page","link":"https:\/\/praxis-gschmitz.de\/","title":{"rendered":"Herzlich willkommen"},"content":{"rendered":"\n<p>Mit diesen Seiten m\u00f6chte ich Sie \u00fcber mein Behandlungsangebot, meine Arbeitsweise sowie den Weg in meine Praxis informieren.&nbsp;<\/p>\n\n\n\n<p>Mein Behandlungsspektrum liegt im gesamten Bereich der psychischen und psychosomatischen St\u00f6rungen.<br>Dazu z\u00e4hlen zum Beispiel Depressionen, Angstst\u00f6rungen, somatoforme St\u00f6rungen, Schlafst\u00f6rungen, Zwangsst\u00f6rungen oder Pers\u00f6nlichkeitsst\u00f6rungen. Meine pers\u00f6nlichen Schwerpunkte liegen bei:<\/p>\n\n\n\n<ul class=\"wp-block-list\">\n<li>Traumafolgest\u00f6rungen<\/li>\n\n\n\n<li>Komplexe Posttraumatische Belastungsst\u00f6rungen<\/li>\n\n\n\n<li>Entwicklungs- oder Bindungstraumatisierungen<\/li>\n\n\n\n<li>Posttraumatische Belastungsst\u00f6rungen durch ein Schock-Trauma, z.B. Unfall, \u00dcberfall.&nbsp;<\/li>\n\n\n\n<li>Dissoziative St\u00f6rungen, auch Dissoziative Identit\u00e4tsst\u00f6rung<\/li>\n\n\n\n<li>Ersch\u00f6pfungsdepressionen oder Burnoutsyndrom<\/li>\n<\/ul>\n\n\n\n<p>Ich biete in meiner Praxis \u00fcberwiegend <a href=\"https:\/\/praxis-gschmitz.de\/?page_id=449\">Gruppentherapien<\/a> oder eine Kombination aus Gruppen- und Einzeltherapie an, in speziellen F\u00e4llen (z.B. bei Schock-Traumata) auch reine Einzeltherapie. Ich habe eine Kassenzulassung f\u00fcr Erwachsene (ab 18 Jahre) und behandle daher vorwiegend Kassenpatienten der gesetzlichen Krankenversicherungen. In meinen Langzeittherapie-Gruppen nehme ich keine Privat- oder beihilfeberechtigte Patienten auf.<\/p>\n\n\n\n<p>Nach meinem Menschenbild ist der Mensch grunds\u00e4tzlich in der Lage, sein Verhalten und Denken zu reflektieren und zu ver\u00e4ndern. In manchen Lebenslagen ben\u00f6tigt er dazu (professionelle) Hilfe. Daher verstehe ich meine Arbeit als \u201eHilfe zur Selbsthilfe\u201c.<\/p>\n\n\n\n<p>Meine Arbeitsweise ist insbesondere gepr\u00e4gt durch meine traumatherapeutischen Ausbildungen bei Michaela Huber und Ellert Nijenhuis sowie meine hypnotherapeutische Ausbildung nach Milton Erickson<em>.<\/em><\/p>\n\n\n\n<p>Meine <a href=\"https:\/\/praxis-gschmitz.de\/?page_id=78\" target=\"_blank\" rel=\"noopener\">Praxis<\/a> befindet sich direkt am Rathausplatz in Vellmar und ist sowohl mit dem PKW sowie mit \u00f6ffentlichen Verkehrsmitteln gut zu erreichen. Kostenlose Parkm\u00f6glichkeiten sind in unmittelbarer N\u00e4he vorhanden und die Praxisr\u00e4ume sind barrierefrei zug\u00e4nglich<em>.<\/em><\/p>\n\n\n\n<h4 class=\"wp-block-heading\" id=\"PTS\" style=\"font-size:24px\">Psychotherapeutische Sprechstunde<\/h4>\n\n\n\n<p>Bevor eine psychotherapeutische Behandlung im Gruppen- oder Einzelsetting beginnen kann, f\u00fchre ich zun\u00e4chst ein Gespr\u00e4ch im Einzelkontakt mit Ihnen. Bei dieser Psychotherapeutischen Sprechstunde geht es um ein erstes Kennenlernen und die Abkl\u00e4rung, ob bei Ihnen eine psychische Erkrankung vorliegt. Neben der Diagnostik erhalten Sie von mir eine Einsch\u00e4tzung, ob eine ambulante Psychotherapie oder andere Behandlungs- oder Hilfsangebote (z.B. Abkl\u00e4rung bei einem anderen Facharzt, station\u00e4re Behandlung, Pr\u00e4ventionsangebote, Ehe- und Familienberatung) bei Ihrer Problematik zu empfehlen sind. Sollte bei Ihnen eine ambulante Psychotherapie sinnvoll sein, wird in der Psychotherapeutischen Sprechstunde gekl\u00e4rt, ob eines meiner Behandlungsangebote bei Ihrer individuellen Problematik hilfreich sein kann.<\/p>\n\n\n\n<p>Zur Vereinbarung einer Psychotherapeutischen Sprechstunde und weiteren Fragen rufen Sie bitte w\u00e4hrend meiner telefonischen Sprechzeiten an.<\/p>\n\n\n\n<div class=\"wp-block-columns is-layout-flex wp-container-core-columns-is-layout-9d6595d7 wp-block-columns-is-layout-flex\">\n<div class=\"wp-block-column is-vertically-aligned-top is-layout-flow wp-block-column-is-layout-flow\" style=\"flex-basis:100%\">\n<h4 class=\"wp-block-heading\" style=\"font-size:24px\">Allgemeine Psychotherapeuten- und Facharztsuche<\/h4>\n\n\n\n<p>Sollten Sie weitere Kontakte zu Psychotherapeuten oder anderen Fach\u00e4rzten suchen, k\u00f6nnen Sie diese \u00fcber die <a href=\"https:\/\/www.arztsuchehessen.de\/\" target=\"_blank\" rel=\"noreferrer noopener\">Suchfunktion der Kassen\u00e4rztlichen Vereinigung Hessen<\/a> finden. Auf dieser Website klicken Sie bei &#8220;Fachrichtung\/Schwerpunkt&#8221; z.B. &#8220;Psychologische(r) Psychotherapeut\/-in&#8221; an, tragen Ihren Wohnort ein und legen den Umkreis fest. Damit erhalten Sie eine Liste von allen Psychotherapeuten, die \u00fcber die gesetzlichen Krankenkassen abrechnen. Durch anklicken des jeweiligen Namens erscheinen alle notwendigen Kontaktdaten und die telefonischen Sprechstundenzeiten.<\/p>\n<\/div>\n<\/div>\n\n\n\n<div class=\"wp-block-group\"><div class=\"wp-block-group__inner-container is-layout-flow wp-block-group-is-layout-flow\"><\/div><\/div>\n","protected":false},"excerpt":{"rendered":"<p>Mit diesen Seiten m\u00f6chte ich Sie \u00fcber mein Behandlungsangebot, meine Arbeitsweise sowie den Weg in meine Praxis informieren.&nbsp; Mein Behandlungsspektrum liegt im gesamten Bereich der psychischen und psychosomatischen St\u00f6rungen.Dazu z\u00e4hlen zum Beispiel Depressionen, Angstst\u00f6rungen, somatoforme St\u00f6rungen, Schlafst\u00f6rungen, Zwangsst\u00f6rungen oder Pers\u00f6nlichkeitsst\u00f6rungen. <span class=\"readmore\"><a href=\"https:\/\/praxis-gschmitz.de\/\">Continue Reading &#8230;<\/a><\/span><\/p>\n","protected":false},"author":1,"featured_media":0,"parent":0,"menu_order":0,"comment_status":"closed","ping_status":"open","template":"","meta":{"footnotes":""},"class_list":["post-2","page","type-page","status-publish","hentry"],"_links":{"self":[{"href":"https:\/\/praxis-gschmitz.de\/index.php?rest_route=\/wp\/v2\/pages\/2","targetHints":{"allow":["GET"]}}],"collection":[{"href":"https:\/\/praxis-gschmitz.de\/index.php?rest_route=\/wp\/v2\/pages"}],"about":[{"href":"https:\/\/praxis-gschmitz.de\/index.php?rest_route=\/wp\/v2\/types\/page"}],"author":[{"embeddable":true,"href":"https:\/\/praxis-gschmitz.de\/index.php?rest_route=\/wp\/v2\/users\/1"}],"replies":[{"embeddable":true,"href":"https:\/\/praxis-gschmitz.de\/index.php?rest_route=%2Fwp%2Fv2%2Fcomments&post=2"}],"version-history":[{"count":102,"href":"https:\/\/praxis-gschmitz.de\/index.php?rest_route=\/wp\/v2\/pages\/2\/revisions"}],"predecessor-version":[{"id":878,"href":"https:\/\/praxis-gschmitz.de\/index.php?rest_route=\/wp\/v2\/pages\/2\/revisions\/878"}],"wp:attachment":[{"href":"https:\/\/praxis-gschmitz.de\/index.php?rest_route=%2Fwp%2Fv2%2Fmedia&parent=2"}],"curies":[{"name":"wp","href":"https:\/\/api.w.org\/{rel}","templated":true}]}}